{"id":31296,"date":"2023-12-18T16:29:41","date_gmt":"2023-12-18T15:29:41","guid":{"rendered":"https:\/\/polyart.ch\/produkt\/cambrils-similicuir-avec-aspect-textile\/"},"modified":"2026-02-19T08:18:39","modified_gmt":"2026-02-19T07:18:39","slug":"cambrils-similicuir-avec-aspect-textile","status":"publish","type":"product","link":"https:\/\/polyart.ch\/fr\/produit\/cambrils-similicuir-avec-aspect-textile\/","title":{"rendered":"CAMBRILS &#8211; Similicuir avec aspect textile"},"content":{"rendered":"<p>Le similicuir Cambrils poss\u00e8de une surface semblable \u00e0 celle du textile et peut \u00eatre utilis\u00e9 de mani\u00e8re cr\u00e9ative dans de nombreux domaines.<\/p>\n<p>Id\u00e9al pour renforcer les sacs, les housses et les v\u00eatements, il offre \u00e0 la fois stabilit\u00e9 et bonne protection.<\/p>\n","protected":false},"excerpt":{"rendered":"<p>Composition : <strong>PVC 83 % &#8211; PES\/Coton 17 %<\/strong><\/p>\n<p>Poids : <strong>735 g +\/- 30 g\/m2<\/strong><\/p>\n<p>Largeur : <strong>140 cm<\/strong><\/p>\n<p>Longueur du rouleau : <strong>1 &#8211; 30 m\u00e8tres lin\u00e9aires<\/strong><\/p>\n<p>Epaisseur : <strong>1,5 mm +\/- 0,15 mm<\/strong><\/p>\n","protected":false},"featured_media":22221,"template":"","meta":{"_acf_changed":false},"product_brand":[],"product_cat":[875],"product_tag":[],"class_list":{"0":"post-31296","1":"product","2":"type-product","3":"status-publish","4":"has-post-thumbnail","6":"product_cat-similicuir_","7":"description-off","9":"first","10":"outofstock","11":"shipping-taxable","12":"product-type-variable"},"acf":[],"aioseo_notices":[],"_links":{"self":[{"href":"https:\/\/polyart.ch\/fr\/wp-json\/wp\/v2\/product\/31296","targetHints":{"allow":["GET"]}}],"collection":[{"href":"https:\/\/polyart.ch\/fr\/wp-json\/wp\/v2\/product"}],"about":[{"href":"https:\/\/polyart.ch\/fr\/wp-json\/wp\/v2\/types\/product"}],"version-history":[{"count":1,"href":"https:\/\/polyart.ch\/fr\/wp-json\/wp\/v2\/product\/31296\/revisions"}],"predecessor-version":[{"id":31336,"href":"https:\/\/polyart.ch\/fr\/wp-json\/wp\/v2\/product\/31296\/revisions\/31336"}],"wp:featuredmedia":[{"embeddable":true,"href":"https:\/\/polyart.ch\/fr\/wp-json\/wp\/v2\/media\/22221"}],"wp:attachment":[{"href":"https:\/\/polyart.ch\/fr\/wp-json\/wp\/v2\/media?parent=31296"}],"wp:term":[{"taxonomy":"product_brand","embeddable":true,"href":"https:\/\/polyart.ch\/fr\/wp-json\/wp\/v2\/product_brand?post=31296"},{"taxonomy":"product_cat","embeddable":true,"href":"https:\/\/polyart.ch\/fr\/wp-json\/wp\/v2\/product_cat?post=31296"},{"taxonomy":"product_tag","embeddable":true,"href":"https:\/\/polyart.ch\/fr\/wp-json\/wp\/v2\/product_tag?post=31296"}],"curies":[{"name":"wp","href":"https:\/\/api.w.org\/{rel}","templated":true}]}}