{"id":31297,"date":"2023-12-20T07:36:15","date_gmt":"2023-12-20T06:36:15","guid":{"rendered":"https:\/\/polyart.ch\/produkt\/boeing-2000-cuir-synthetique-pour-avions\/"},"modified":"2026-02-19T08:18:43","modified_gmt":"2026-02-19T07:18:43","slug":"boeing-2000-cuir-synthetique-pour-avions","status":"publish","type":"product","link":"https:\/\/polyart.ch\/fr\/produit\/boeing-2000-cuir-synthetique-pour-avions\/","title":{"rendered":"BOEING 2000 &#8211; Cuir synth\u00e9tique pour avions"},"content":{"rendered":"<p>Ce similicuir \u00e0 grain allong\u00e9 et l\u00e9g\u00e8rement ombr\u00e9 offre un effet de couleur impressionnant. Boeing 2000 dispose d&rsquo;une certaine r\u00e9sistance. <\/p>\n<p>Id\u00e9al pour une utilisation dans le secteur des transports, de l&rsquo;automobile et des collectivit\u00e9s. Il se distingue par sa r\u00e9sistance et sa polyvalence esth\u00e9tique dans des designs modernes. <\/p>\n","protected":false},"excerpt":{"rendered":"<p>Composition : <strong>PVC 88 % &#8211; PES\/Coton 12%<\/strong><\/p>\n<p>Poids : <strong>820 g +\/- 50 g\/m2<\/strong><\/p>\n<p>Largeur : <strong>140 cm<\/strong><\/p>\n<p>Longueur du rouleau : <strong>1 &#8211; 30 m\u00e8tres lin\u00e9aires<\/strong><\/p>\n<p>\u00c9paisseur : <strong>1,2 mm +\/- 0,1 mm<\/strong><\/p>\n","protected":false},"featured_media":22120,"template":"","meta":{"_acf_changed":false},"product_brand":[],"product_cat":[875],"product_tag":[],"class_list":{"0":"post-31297","1":"product","2":"type-product","3":"status-publish","4":"has-post-thumbnail","6":"product_cat-similicuir_","7":"description-off","9":"first","10":"outofstock","11":"shipping-taxable","12":"product-type-variable"},"acf":[],"aioseo_notices":[],"_links":{"self":[{"href":"https:\/\/polyart.ch\/fr\/wp-json\/wp\/v2\/product\/31297","targetHints":{"allow":["GET"]}}],"collection":[{"href":"https:\/\/polyart.ch\/fr\/wp-json\/wp\/v2\/product"}],"about":[{"href":"https:\/\/polyart.ch\/fr\/wp-json\/wp\/v2\/types\/product"}],"version-history":[{"count":1,"href":"https:\/\/polyart.ch\/fr\/wp-json\/wp\/v2\/product\/31297\/revisions"}],"predecessor-version":[{"id":31314,"href":"https:\/\/polyart.ch\/fr\/wp-json\/wp\/v2\/product\/31297\/revisions\/31314"}],"wp:featuredmedia":[{"embeddable":true,"href":"https:\/\/polyart.ch\/fr\/wp-json\/wp\/v2\/media\/22120"}],"wp:attachment":[{"href":"https:\/\/polyart.ch\/fr\/wp-json\/wp\/v2\/media?parent=31297"}],"wp:term":[{"taxonomy":"product_brand","embeddable":true,"href":"https:\/\/polyart.ch\/fr\/wp-json\/wp\/v2\/product_brand?post=31297"},{"taxonomy":"product_cat","embeddable":true,"href":"https:\/\/polyart.ch\/fr\/wp-json\/wp\/v2\/product_cat?post=31297"},{"taxonomy":"product_tag","embeddable":true,"href":"https:\/\/polyart.ch\/fr\/wp-json\/wp\/v2\/product_tag?post=31297"}],"curies":[{"name":"wp","href":"https:\/\/api.w.org\/{rel}","templated":true}]}}