{"id":31302,"date":"2023-12-18T15:53:04","date_gmt":"2023-12-18T14:53:04","guid":{"rendered":"https:\/\/polyart.ch\/produkt\/rocker-similicuir-avec-aspect-3d\/"},"modified":"2026-02-19T08:18:37","modified_gmt":"2026-02-19T07:18:37","slug":"rocker-similicuir-avec-aspect-3d","status":"publish","type":"product","link":"https:\/\/polyart.ch\/fr\/produit\/rocker-similicuir-avec-aspect-3d\/","title":{"rendered":"ROCKER &#8211; Similicuir avec aspect 3D"},"content":{"rendered":"<p>Notre similicuir 3D impressionne par son aspect cool et ses motifs graphiques uniques.<\/p>\n<p>Il convient parfaitement \u00e0 la r\u00e9alisation de projets cr\u00e9atifs pour des spectacles, des \u00e9v\u00e9nements et des accessoires. La structure tridimensionnelle cr\u00e9e un effet fascinant qui attirera \u00e0 coup s\u00fbr tous les regards. Parfait pour les amateurs de design qui souhaitent concr\u00e9tiser des id\u00e9es innovantes !  <\/p>\n","protected":false},"excerpt":{"rendered":"<p>Composition : <strong>similicuir PU \/ mousse PU \/ sous-couche PES <\/strong><\/p>\n<p>Poids : <strong>900 g +\/- 20 g\/m2<\/strong><\/p>\n<p>Format : <strong>50 x 70 cm<\/strong><\/p>\n<p>\u00c9paisseur : <strong>2 &#8211; 5mm<\/strong><\/p>\n","protected":false},"featured_media":22266,"template":"","meta":{"_acf_changed":false},"product_brand":[],"product_cat":[875],"product_tag":[],"class_list":{"0":"post-31302","1":"product","2":"type-product","3":"status-publish","4":"has-post-thumbnail","6":"product_cat-similicuir_","7":"description-off","9":"first","10":"outofstock","11":"shipping-taxable","12":"product-type-variable"},"acf":[],"aioseo_notices":[],"_links":{"self":[{"href":"https:\/\/polyart.ch\/fr\/wp-json\/wp\/v2\/product\/31302","targetHints":{"allow":["GET"]}}],"collection":[{"href":"https:\/\/polyart.ch\/fr\/wp-json\/wp\/v2\/product"}],"about":[{"href":"https:\/\/polyart.ch\/fr\/wp-json\/wp\/v2\/types\/product"}],"version-history":[{"count":1,"href":"https:\/\/polyart.ch\/fr\/wp-json\/wp\/v2\/product\/31302\/revisions"}],"predecessor-version":[{"id":32681,"href":"https:\/\/polyart.ch\/fr\/wp-json\/wp\/v2\/product\/31302\/revisions\/32681"}],"wp:featuredmedia":[{"embeddable":true,"href":"https:\/\/polyart.ch\/fr\/wp-json\/wp\/v2\/media\/22266"}],"wp:attachment":[{"href":"https:\/\/polyart.ch\/fr\/wp-json\/wp\/v2\/media?parent=31302"}],"wp:term":[{"taxonomy":"product_brand","embeddable":true,"href":"https:\/\/polyart.ch\/fr\/wp-json\/wp\/v2\/product_brand?post=31302"},{"taxonomy":"product_cat","embeddable":true,"href":"https:\/\/polyart.ch\/fr\/wp-json\/wp\/v2\/product_cat?post=31302"},{"taxonomy":"product_tag","embeddable":true,"href":"https:\/\/polyart.ch\/fr\/wp-json\/wp\/v2\/product_tag?post=31302"}],"curies":[{"name":"wp","href":"https:\/\/api.w.org\/{rel}","templated":true}]}}