{"id":31305,"date":"2023-12-18T15:36:40","date_gmt":"2023-12-18T14:36:40","guid":{"rendered":"https:\/\/polyart.ch\/produkt\/pro-base-extremement-robuste\/"},"modified":"2026-02-19T08:18:29","modified_gmt":"2026-02-19T07:18:29","slug":"pro-base-extremement-robuste","status":"publish","type":"product","link":"https:\/\/polyart.ch\/fr\/produit\/pro-base-extremement-robuste\/","title":{"rendered":"PRO BASE &#8211; extr\u00eamement robuste"},"content":{"rendered":"<p>Pro Base est utilis\u00e9 dans la construction automobile. Poss\u00e8de un support souple qui amortit les bruits. La surface est tr\u00e8s r\u00e9sistante et antid\u00e9rapante.<\/p>\n","protected":false},"excerpt":{"rendered":"<p>Composition : <strong>PVC 82.5 % &#8211; PES 14.3%<\/strong><\/p>\n<p>Poids : <strong>1750 g +\/- 85 g\/m2<\/strong><\/p>\n<p>Largeur : <strong>145 cm<\/strong><\/p>\n<p>Longueur des rouleaux : <strong>1 &#8211; 25 m\u00e8tres lin\u00e9aires<\/strong><\/p>\n<p>Epaisseur : <strong>2.5 mm +\/- 0.2 mm<\/strong><\/p>\n","protected":false},"featured_media":22476,"template":"","meta":{"_acf_changed":false},"product_brand":[],"product_cat":[875],"product_tag":[],"class_list":{"0":"post-31305","1":"product","2":"type-product","3":"status-publish","4":"has-post-thumbnail","6":"product_cat-similicuir_","7":"description-off","9":"first","10":"outofstock","11":"shipping-taxable","12":"product-type-variable"},"acf":[],"aioseo_notices":[],"_links":{"self":[{"href":"https:\/\/polyart.ch\/fr\/wp-json\/wp\/v2\/product\/31305","targetHints":{"allow":["GET"]}}],"collection":[{"href":"https:\/\/polyart.ch\/fr\/wp-json\/wp\/v2\/product"}],"about":[{"href":"https:\/\/polyart.ch\/fr\/wp-json\/wp\/v2\/types\/product"}],"version-history":[{"count":1,"href":"https:\/\/polyart.ch\/fr\/wp-json\/wp\/v2\/product\/31305\/revisions"}],"predecessor-version":[{"id":32674,"href":"https:\/\/polyart.ch\/fr\/wp-json\/wp\/v2\/product\/31305\/revisions\/32674"}],"wp:featuredmedia":[{"embeddable":true,"href":"https:\/\/polyart.ch\/fr\/wp-json\/wp\/v2\/media\/22476"}],"wp:attachment":[{"href":"https:\/\/polyart.ch\/fr\/wp-json\/wp\/v2\/media?parent=31305"}],"wp:term":[{"taxonomy":"product_brand","embeddable":true,"href":"https:\/\/polyart.ch\/fr\/wp-json\/wp\/v2\/product_brand?post=31305"},{"taxonomy":"product_cat","embeddable":true,"href":"https:\/\/polyart.ch\/fr\/wp-json\/wp\/v2\/product_cat?post=31305"},{"taxonomy":"product_tag","embeddable":true,"href":"https:\/\/polyart.ch\/fr\/wp-json\/wp\/v2\/product_tag?post=31305"}],"curies":[{"name":"wp","href":"https:\/\/api.w.org\/{rel}","templated":true}]}}