{"id":31306,"date":"2023-12-18T16:10:01","date_gmt":"2023-12-18T15:10:01","guid":{"rendered":"https:\/\/polyart.ch\/produkt\/digitik-similicuir-avec-impression-numerique\/"},"modified":"2026-02-19T08:18:39","modified_gmt":"2026-02-19T07:18:39","slug":"digitik-similicuir-avec-impression-numerique","status":"publish","type":"product","link":"https:\/\/polyart.ch\/fr\/produit\/digitik-similicuir-avec-impression-numerique\/","title":{"rendered":"DIGITIK &#8211; similicuir avec impression num\u00e9rique"},"content":{"rendered":"<p>Impression num\u00e9rique sur similicuir.<\/p>\n<p>Nous imprimons votre design personnalis\u00e9 \u00e0 partir de 10 m\u00e8tres lin\u00e9aires.<br \/>\nVous avez le choix entre diff\u00e9rentes qualit\u00e9s de similicuir en PVC, PU avec ou sans ignifugation.<\/p>\n<p>&nbsp;<\/p>\n<p>&nbsp;<\/p>\n","protected":false},"excerpt":{"rendered":"<p>Composition : <strong>PVC 85.5 % &#8211; PES 14.5 %<\/strong><\/p>\n<p>Poids : <strong>620 g +\/- 20 g\/m2<\/strong><\/p>\n<p>Largeur : <strong>140 cm<\/strong><\/p>\n<p>Longueur des rouleaux : <strong>1 &#8211; 40 m\u00e8tres lin\u00e9aires<\/strong><\/p>\n<p>Epaisseur : <strong>1.2 mm +\/- 0.1 mm<\/strong><\/p>\n","protected":false},"featured_media":22236,"template":"","meta":{"_acf_changed":false},"product_brand":[],"product_cat":[875],"product_tag":[],"class_list":{"0":"post-31306","1":"product","2":"type-product","3":"status-publish","4":"has-post-thumbnail","6":"product_cat-similicuir_","7":"description-off","9":"first","10":"outofstock","11":"shipping-taxable","12":"product-type-variable"},"acf":[],"aioseo_notices":[],"_links":{"self":[{"href":"https:\/\/polyart.ch\/fr\/wp-json\/wp\/v2\/product\/31306","targetHints":{"allow":["GET"]}}],"collection":[{"href":"https:\/\/polyart.ch\/fr\/wp-json\/wp\/v2\/product"}],"about":[{"href":"https:\/\/polyart.ch\/fr\/wp-json\/wp\/v2\/types\/product"}],"version-history":[{"count":1,"href":"https:\/\/polyart.ch\/fr\/wp-json\/wp\/v2\/product\/31306\/revisions"}],"predecessor-version":[{"id":32685,"href":"https:\/\/polyart.ch\/fr\/wp-json\/wp\/v2\/product\/31306\/revisions\/32685"}],"wp:featuredmedia":[{"embeddable":true,"href":"https:\/\/polyart.ch\/fr\/wp-json\/wp\/v2\/media\/22236"}],"wp:attachment":[{"href":"https:\/\/polyart.ch\/fr\/wp-json\/wp\/v2\/media?parent=31306"}],"wp:term":[{"taxonomy":"product_brand","embeddable":true,"href":"https:\/\/polyart.ch\/fr\/wp-json\/wp\/v2\/product_brand?post=31306"},{"taxonomy":"product_cat","embeddable":true,"href":"https:\/\/polyart.ch\/fr\/wp-json\/wp\/v2\/product_cat?post=31306"},{"taxonomy":"product_tag","embeddable":true,"href":"https:\/\/polyart.ch\/fr\/wp-json\/wp\/v2\/product_tag?post=31306"}],"curies":[{"name":"wp","href":"https:\/\/api.w.org\/{rel}","templated":true}]}}