{"id":31332,"date":"2023-12-18T14:59:17","date_gmt":"2023-12-18T13:59:17","guid":{"rendered":"https:\/\/polyart.ch\/produkt\/jackson-cuir-synthetique-souple-pour-lhabillement\/"},"modified":"2026-02-19T08:18:25","modified_gmt":"2026-02-19T07:18:25","slug":"jackson-cuir-synthetique-souple-pour-lhabillement","status":"publish","type":"product","link":"https:\/\/polyart.ch\/fr\/produit\/jackson-cuir-synthetique-souple-pour-lhabillement\/","title":{"rendered":"JACKSON &#8211; Cuir synth\u00e9tique souple pour l&rsquo;habillement"},"content":{"rendered":"<p>Le similicuir Jackson est un mat\u00e9riau doux et souple, id\u00e9al pour les v\u00eatements.<\/p>\n<p>Gr\u00e2ce \u00e0 sa flexibilit\u00e9 et \u00e0 son toucher de qualit\u00e9, il est \u00e9galement parfait pour les sacs et les accessoires.<\/p>\n","protected":false},"excerpt":{"rendered":"<p>Composition : <strong>PU 64 % &#8211; PES 24%<\/strong><\/p>\n<p>Poids : <strong>255<\/strong><strong> g +\/- 50 g\/m2<\/strong><\/p>\n<p>Largeur : <strong>146 cm<\/strong><\/p>\n<p>Longueur des rouleaux : <strong>1 &#8211; 25 m\u00e8tres lin\u00e9aires<\/strong><\/p>\n<p>\u00c9paisseur : <strong>1.1 mm +\/- 0.1 mm<\/strong><\/p>\n","protected":false},"featured_media":22245,"template":"","meta":{"_acf_changed":false},"product_brand":[],"product_cat":[875],"product_tag":[],"class_list":{"0":"post-31332","1":"product","2":"type-product","3":"status-publish","4":"has-post-thumbnail","6":"product_cat-similicuir_","7":"description-off","9":"first","10":"outofstock","11":"shipping-taxable","12":"product-type-variable"},"acf":[],"aioseo_notices":[],"_links":{"self":[{"href":"https:\/\/polyart.ch\/fr\/wp-json\/wp\/v2\/product\/31332","targetHints":{"allow":["GET"]}}],"collection":[{"href":"https:\/\/polyart.ch\/fr\/wp-json\/wp\/v2\/product"}],"about":[{"href":"https:\/\/polyart.ch\/fr\/wp-json\/wp\/v2\/types\/product"}],"version-history":[{"count":1,"href":"https:\/\/polyart.ch\/fr\/wp-json\/wp\/v2\/product\/31332\/revisions"}],"predecessor-version":[{"id":32669,"href":"https:\/\/polyart.ch\/fr\/wp-json\/wp\/v2\/product\/31332\/revisions\/32669"}],"wp:featuredmedia":[{"embeddable":true,"href":"https:\/\/polyart.ch\/fr\/wp-json\/wp\/v2\/media\/22245"}],"wp:attachment":[{"href":"https:\/\/polyart.ch\/fr\/wp-json\/wp\/v2\/media?parent=31332"}],"wp:term":[{"taxonomy":"product_brand","embeddable":true,"href":"https:\/\/polyart.ch\/fr\/wp-json\/wp\/v2\/product_brand?post=31332"},{"taxonomy":"product_cat","embeddable":true,"href":"https:\/\/polyart.ch\/fr\/wp-json\/wp\/v2\/product_cat?post=31332"},{"taxonomy":"product_tag","embeddable":true,"href":"https:\/\/polyart.ch\/fr\/wp-json\/wp\/v2\/product_tag?post=31332"}],"curies":[{"name":"wp","href":"https:\/\/api.w.org\/{rel}","templated":true}]}}