{"id":31338,"date":"2023-12-18T14:10:32","date_gmt":"2023-12-18T13:10:32","guid":{"rendered":"https:\/\/polyart.ch\/produkt\/bronco-classic-le-similicuir-une-alternative-economique\/"},"modified":"2026-02-19T08:18:12","modified_gmt":"2026-02-19T07:18:12","slug":"bronco-classic-le-similicuir-une-alternative-economique","status":"publish","type":"product","link":"https:\/\/polyart.ch\/fr\/produit\/bronco-classic-le-similicuir-une-alternative-economique\/","title":{"rendered":"BRONCO CLASSIC &#8211; le similicuir, une alternative \u00e9conomique"},"content":{"rendered":"<p>Ce similicuir \u00e9conomique offre un choix de couleurs classiques et un grain de cuir naturel.<\/p>\n<p>Avec un excellent rapport qualit\u00e9\/prix et des param\u00e8tres solides, il convient \u00e0 de multiples applications. Id\u00e9al pour les projets qui allient qualit\u00e9 et respect du budget. <\/p>\n","protected":false},"excerpt":{"rendered":"<p>Composition : <strong>PVC 82.5 % &#8211; PES\/Coton 17.5 %<\/strong><\/p>\n<p>Poids : <strong>450<\/strong><strong> g +\/- 25 g\/m2<\/strong><\/p>\n<p>Largeur : <strong>140 cm<\/strong><\/p>\n<p>Longueur des rouleaux : <strong>1 &#8211; 40 m\u00e8tres lin\u00e9aires<\/strong><\/p>\n<p>Epaisseur : <strong>0.8 mm +\/- 0.1 mm<\/strong><\/p>\n","protected":false},"featured_media":22206,"template":"","meta":{"_acf_changed":false},"product_brand":[],"product_cat":[875],"product_tag":[],"class_list":{"0":"post-31338","1":"product","2":"type-product","3":"status-publish","4":"has-post-thumbnail","6":"product_cat-similicuir_","7":"description-off","9":"first","10":"outofstock","11":"shipping-taxable","12":"product-type-variable"},"acf":[],"aioseo_notices":[],"_links":{"self":[{"href":"https:\/\/polyart.ch\/fr\/wp-json\/wp\/v2\/product\/31338","targetHints":{"allow":["GET"]}}],"collection":[{"href":"https:\/\/polyart.ch\/fr\/wp-json\/wp\/v2\/product"}],"about":[{"href":"https:\/\/polyart.ch\/fr\/wp-json\/wp\/v2\/types\/product"}],"version-history":[{"count":1,"href":"https:\/\/polyart.ch\/fr\/wp-json\/wp\/v2\/product\/31338\/revisions"}],"predecessor-version":[{"id":32658,"href":"https:\/\/polyart.ch\/fr\/wp-json\/wp\/v2\/product\/31338\/revisions\/32658"}],"wp:featuredmedia":[{"embeddable":true,"href":"https:\/\/polyart.ch\/fr\/wp-json\/wp\/v2\/media\/22206"}],"wp:attachment":[{"href":"https:\/\/polyart.ch\/fr\/wp-json\/wp\/v2\/media?parent=31338"}],"wp:term":[{"taxonomy":"product_brand","embeddable":true,"href":"https:\/\/polyart.ch\/fr\/wp-json\/wp\/v2\/product_brand?post=31338"},{"taxonomy":"product_cat","embeddable":true,"href":"https:\/\/polyart.ch\/fr\/wp-json\/wp\/v2\/product_cat?post=31338"},{"taxonomy":"product_tag","embeddable":true,"href":"https:\/\/polyart.ch\/fr\/wp-json\/wp\/v2\/product_tag?post=31338"}],"curies":[{"name":"wp","href":"https:\/\/api.w.org\/{rel}","templated":true}]}}