{"id":31339,"date":"2023-12-18T13:57:24","date_gmt":"2023-12-18T12:57:24","guid":{"rendered":"https:\/\/polyart.ch\/produkt\/ponant-cuir-synthetique-pour-applications-nautiques\/"},"modified":"2026-02-19T08:18:13","modified_gmt":"2026-02-19T07:18:13","slug":"ponant-cuir-synthetique-pour-applications-nautiques","status":"publish","type":"product","link":"https:\/\/polyart.ch\/fr\/produit\/ponant-cuir-synthetique-pour-applications-nautiques\/","title":{"rendered":"PONANT &#8211; Cuir synth\u00e9tique pour applications nautiques"},"content":{"rendered":"<p>Le similicuir Ponant est parfait pour les bateaux et les applications nautiques. Avec un grain fin et une surface agr\u00e9able, il assure confort et \u00e9l\u00e9gance. <\/p>\n<p>Gr\u00e2ce \u00e0 son support en polyester, il est id\u00e9al pour les coussins qui sont souvent en contact avec l&rsquo;eau &#8211; durable, r\u00e9sistant \u00e0 l&rsquo;eau et facile \u00e0 entretenir.<\/p>\n","protected":false},"excerpt":{"rendered":"<p>Composition : <strong>PVC 83 % &#8211; PES 17 %<\/strong><\/p>\n<p>Poids : <strong>480<\/strong><strong> g +\/- 24 g\/m2<\/strong><\/p>\n<p>Largeur : <strong>140 cm<\/strong><\/p>\n<p>Longueur du rouleau : <strong>1 &#8211; 30 m\u00e8tres lin\u00e9aires<\/strong><\/p>\n<p>Epaisseur : <strong>0,9<\/strong><strong> mm +\/- 0,1 mm<\/strong><\/p>\n","protected":false},"featured_media":22138,"template":"","meta":{"_acf_changed":false},"product_brand":[],"product_cat":[875],"product_tag":[],"class_list":{"0":"post-31339","1":"product","2":"type-product","3":"status-publish","4":"has-post-thumbnail","6":"product_cat-similicuir_","7":"description-off","9":"first","10":"outofstock","11":"shipping-taxable","12":"product-type-variable"},"acf":[],"aioseo_notices":[],"_links":{"self":[{"href":"https:\/\/polyart.ch\/fr\/wp-json\/wp\/v2\/product\/31339","targetHints":{"allow":["GET"]}}],"collection":[{"href":"https:\/\/polyart.ch\/fr\/wp-json\/wp\/v2\/product"}],"about":[{"href":"https:\/\/polyart.ch\/fr\/wp-json\/wp\/v2\/types\/product"}],"version-history":[{"count":1,"href":"https:\/\/polyart.ch\/fr\/wp-json\/wp\/v2\/product\/31339\/revisions"}],"predecessor-version":[{"id":32660,"href":"https:\/\/polyart.ch\/fr\/wp-json\/wp\/v2\/product\/31339\/revisions\/32660"}],"wp:featuredmedia":[{"embeddable":true,"href":"https:\/\/polyart.ch\/fr\/wp-json\/wp\/v2\/media\/22138"}],"wp:attachment":[{"href":"https:\/\/polyart.ch\/fr\/wp-json\/wp\/v2\/media?parent=31339"}],"wp:term":[{"taxonomy":"product_brand","embeddable":true,"href":"https:\/\/polyart.ch\/fr\/wp-json\/wp\/v2\/product_brand?post=31339"},{"taxonomy":"product_cat","embeddable":true,"href":"https:\/\/polyart.ch\/fr\/wp-json\/wp\/v2\/product_cat?post=31339"},{"taxonomy":"product_tag","embeddable":true,"href":"https:\/\/polyart.ch\/fr\/wp-json\/wp\/v2\/product_tag?post=31339"}],"curies":[{"name":"wp","href":"https:\/\/api.w.org\/{rel}","templated":true}]}}