{"id":31344,"date":"2023-12-18T13:22:38","date_gmt":"2023-12-18T12:22:38","guid":{"rendered":"https:\/\/polyart.ch\/produkt\/comete-cuir-synthetique-pour-les-ecoles\/"},"modified":"2026-02-19T08:18:06","modified_gmt":"2026-02-19T07:18:06","slug":"comete-cuir-synthetique-pour-les-ecoles","status":"publish","type":"product","link":"https:\/\/polyart.ch\/fr\/produit\/comete-cuir-synthetique-pour-les-ecoles\/","title":{"rendered":"COMETE &#8211; Cuir synth\u00e9tique pour les \u00e9coles"},"content":{"rendered":"<p>Ce similicuir, dont la s\u00e9curit\u00e9 des jouets est normalis\u00e9e, est id\u00e9al pour une utilisation cr\u00e9ative dans les \u00e9coles et les jardins d&rsquo;enfants. Il est facile \u00e0 travailler et se distingue par ses couleurs vives. <\/p>\n<p>Avec de nombreuses caract\u00e9ristiques de premier ordre, il est polyvalent et convient \u00e9galement \u00e0 d&rsquo;autres domaines. Des possibilit\u00e9s de conception illimit\u00e9es pour des projets s\u00fbrs et durables. <\/p>\n","protected":false},"excerpt":{"rendered":"<p>Composition : <strong>PVC 88 % &#8211; Coton 12 %<\/strong><\/p>\n<p>Poids : <strong>720<\/strong><strong> g +\/- 40 g\/m2<\/strong><\/p>\n<p>Largeur : <strong>140 cm<\/strong><\/p>\n<p>Longueur du rouleau : <strong>1 &#8211; 30 m\u00e8tres lin\u00e9aires<\/strong><\/p>\n<p>Epaisseur : <strong>1.1 mm +\/- 0.1 mm<\/strong><\/p>\n","protected":false},"featured_media":22144,"template":"","meta":{"_acf_changed":false},"product_brand":[],"product_cat":[875],"product_tag":[],"class_list":{"0":"post-31344","1":"product","2":"type-product","3":"status-publish","4":"has-post-thumbnail","6":"product_cat-similicuir_","7":"description-off","9":"first","10":"outofstock","11":"shipping-taxable","12":"product-type-variable"},"acf":[],"aioseo_notices":[],"_links":{"self":[{"href":"https:\/\/polyart.ch\/fr\/wp-json\/wp\/v2\/product\/31344","targetHints":{"allow":["GET"]}}],"collection":[{"href":"https:\/\/polyart.ch\/fr\/wp-json\/wp\/v2\/product"}],"about":[{"href":"https:\/\/polyart.ch\/fr\/wp-json\/wp\/v2\/types\/product"}],"version-history":[{"count":1,"href":"https:\/\/polyart.ch\/fr\/wp-json\/wp\/v2\/product\/31344\/revisions"}],"predecessor-version":[{"id":32654,"href":"https:\/\/polyart.ch\/fr\/wp-json\/wp\/v2\/product\/31344\/revisions\/32654"}],"wp:featuredmedia":[{"embeddable":true,"href":"https:\/\/polyart.ch\/fr\/wp-json\/wp\/v2\/media\/22144"}],"wp:attachment":[{"href":"https:\/\/polyart.ch\/fr\/wp-json\/wp\/v2\/media?parent=31344"}],"wp:term":[{"taxonomy":"product_brand","embeddable":true,"href":"https:\/\/polyart.ch\/fr\/wp-json\/wp\/v2\/product_brand?post=31344"},{"taxonomy":"product_cat","embeddable":true,"href":"https:\/\/polyart.ch\/fr\/wp-json\/wp\/v2\/product_cat?post=31344"},{"taxonomy":"product_tag","embeddable":true,"href":"https:\/\/polyart.ch\/fr\/wp-json\/wp\/v2\/product_tag?post=31344"}],"curies":[{"name":"wp","href":"https:\/\/api.w.org\/{rel}","templated":true}]}}