{"id":31354,"date":"2024-01-05T16:32:30","date_gmt":"2024-01-05T15:32:30","guid":{"rendered":"https:\/\/polyart.ch\/produkt\/r-pet-hero-tissu-dameublement-en-pet-recycle\/"},"modified":"2024-01-05T16:32:30","modified_gmt":"2024-01-05T15:32:30","slug":"r-pet-hero-tissu-dameublement-en-pet-recycle","status":"publish","type":"product","link":"https:\/\/polyart.ch\/fr\/produit\/r-pet-hero-tissu-dameublement-en-pet-recycle\/","title":{"rendered":"R-PET Hero &#8211; Tissu d&rsquo;ameublement en PET recycl\u00e9"},"content":{"rendered":"<p>Le tissu d&rsquo;ameublement R-Pet Hero est compos\u00e9 \u00e0 100 % de PET recycl\u00e9 et allie robustesse et durabilit\u00e9. Ce tissu polyvalent offre une large palette de couleurs qui conf\u00e8re de multiples possibilit\u00e9s aux projets cr\u00e9atifs. <\/p>\n<p>Id\u00e9al pour les meubles, les sacs et les housses. R-Pet Hero ne convainc pas seulement par sa long\u00e9vit\u00e9, mais aussi par ses propri\u00e9t\u00e9s \u00e9cologiques. Misez sur le style et la durabilit\u00e9 avec ce tissu d&rsquo;ameublement de qualit\u00e9 sup\u00e9rieure !  <\/p>\n<p><img decoding=\"async\" class=\"alignnone size-full wp-image-18168\" src=\"http:\/\/site09.dedi5025.dco.exenti.ch\/wp-content\/uploads\/2024\/01\/P-PETHero.png\" alt=\"\" width=\"280\" height=\"141\"><\/p>\n","protected":false},"excerpt":{"rendered":"<p>Composition : <strong>PET recycl\u00e9 100 %<\/strong><\/p>\n<p>Poids : <strong>585 g +\/- 5 g\/m2<\/strong><\/p>\n<p>Largeur : <strong>140 cm<\/strong><\/p>\n<p>Longueur des rouleaux : <strong>1 &#8211; 30 m\u00e8tres lin\u00e9aires<\/strong><\/p>\n<p>\u00c9paisseur : <strong>0,9 mm +\/- 0,05 mm<\/strong><\/p>\n","protected":false},"featured_media":22168,"template":"","meta":{"_acf_changed":false},"product_brand":[],"product_cat":[542],"product_tag":[],"class_list":{"0":"post-31354","1":"product","2":"type-product","3":"status-publish","4":"has-post-thumbnail","6":"product_cat-tissus-dameublement","7":"description-off","9":"first","10":"outofstock","11":"shipping-taxable","12":"product-type-variable"},"acf":[],"aioseo_notices":[],"_links":{"self":[{"href":"https:\/\/polyart.ch\/fr\/wp-json\/wp\/v2\/product\/31354","targetHints":{"allow":["GET"]}}],"collection":[{"href":"https:\/\/polyart.ch\/fr\/wp-json\/wp\/v2\/product"}],"about":[{"href":"https:\/\/polyart.ch\/fr\/wp-json\/wp\/v2\/types\/product"}],"version-history":[{"count":0,"href":"https:\/\/polyart.ch\/fr\/wp-json\/wp\/v2\/product\/31354\/revisions"}],"wp:featuredmedia":[{"embeddable":true,"href":"https:\/\/polyart.ch\/fr\/wp-json\/wp\/v2\/media\/22168"}],"wp:attachment":[{"href":"https:\/\/polyart.ch\/fr\/wp-json\/wp\/v2\/media?parent=31354"}],"wp:term":[{"taxonomy":"product_brand","embeddable":true,"href":"https:\/\/polyart.ch\/fr\/wp-json\/wp\/v2\/product_brand?post=31354"},{"taxonomy":"product_cat","embeddable":true,"href":"https:\/\/polyart.ch\/fr\/wp-json\/wp\/v2\/product_cat?post=31354"},{"taxonomy":"product_tag","embeddable":true,"href":"https:\/\/polyart.ch\/fr\/wp-json\/wp\/v2\/product_tag?post=31354"}],"curies":[{"name":"wp","href":"https:\/\/api.w.org\/{rel}","templated":true}]}}