{"id":31358,"date":"2024-02-06T14:25:47","date_gmt":"2024-02-06T13:25:47","guid":{"rendered":"https:\/\/polyart.ch\/produkt\/cutter-cnc-pour-textiles-films-cuir\/"},"modified":"2024-02-06T14:25:47","modified_gmt":"2024-02-06T13:25:47","slug":"cutter-cnc-pour-textiles-films-cuir","status":"publish","type":"product","link":"https:\/\/polyart.ch\/fr\/produit\/cutter-cnc-pour-textiles-films-cuir\/","title":{"rendered":"Cutter CNC pour textiles, films, cuir"},"content":{"rendered":"<p>Gr\u00e2ce \u00e0 nos proc\u00e9d\u00e9s de d\u00e9coupe de haute pr\u00e9cision, nous pouvons d\u00e9couper ou d\u00e9couper au laser tout textile ou cuir souhait\u00e9 au format de votre choix.<br \/>\nNous pouvons d\u00e9couper les mat\u00e9riaux suivants :<\/p>\n<p>&#8211; Tissus d&rsquo;ameublement<br \/>\n&#8211; Cuirs synth\u00e9tiques<br \/>\n&#8211; Films<br \/>\n&#8211; Non-tiss\u00e9s<br \/>\n&#8211; Feutres<\/p>\n<p>Possibilit\u00e9 de d\u00e9couper en grandes et petites quantit\u00e9s !<\/p>\n<p>&nbsp;<\/p>\n","protected":false},"excerpt":{"rendered":"<p>Gr\u00e2ce \u00e0 nos proc\u00e9d\u00e9s de d\u00e9coupe de haute pr\u00e9cision, nous pouvons d\u00e9couper ou d\u00e9couper au laser tout textile ou cuir souhait\u00e9 au format de votre choix. Nous pouvons d\u00e9couper les mat\u00e9riaux suivants : &#8211; Tissus d&rsquo;ameublement &#8211; Cuirs synth\u00e9tiques &#8211; Films &#8211; Non-tiss\u00e9s &#8211; Feutres Possibilit\u00e9 de d\u00e9couper en grandes et petites quantit\u00e9s ! &nbsp;<\/p>\n","protected":false},"featured_media":23429,"template":"","meta":{"_acf_changed":false},"product_brand":[],"product_cat":[599],"product_tag":[],"class_list":{"0":"post-31358","1":"product","2":"type-product","3":"status-publish","4":"has-post-thumbnail","6":"product_cat-services-fr","7":"description-off","9":"first","10":"instock","11":"shipping-taxable","12":"product-type-simple"},"acf":[],"aioseo_notices":[],"_links":{"self":[{"href":"https:\/\/polyart.ch\/fr\/wp-json\/wp\/v2\/product\/31358","targetHints":{"allow":["GET"]}}],"collection":[{"href":"https:\/\/polyart.ch\/fr\/wp-json\/wp\/v2\/product"}],"about":[{"href":"https:\/\/polyart.ch\/fr\/wp-json\/wp\/v2\/types\/product"}],"version-history":[{"count":0,"href":"https:\/\/polyart.ch\/fr\/wp-json\/wp\/v2\/product\/31358\/revisions"}],"wp:featuredmedia":[{"embeddable":true,"href":"https:\/\/polyart.ch\/fr\/wp-json\/wp\/v2\/media\/23429"}],"wp:attachment":[{"href":"https:\/\/polyart.ch\/fr\/wp-json\/wp\/v2\/media?parent=31358"}],"wp:term":[{"taxonomy":"product_brand","embeddable":true,"href":"https:\/\/polyart.ch\/fr\/wp-json\/wp\/v2\/product_brand?post=31358"},{"taxonomy":"product_cat","embeddable":true,"href":"https:\/\/polyart.ch\/fr\/wp-json\/wp\/v2\/product_cat?post=31358"},{"taxonomy":"product_tag","embeddable":true,"href":"https:\/\/polyart.ch\/fr\/wp-json\/wp\/v2\/product_tag?post=31358"}],"curies":[{"name":"wp","href":"https:\/\/api.w.org\/{rel}","templated":true}]}}