{"id":31359,"date":"2024-02-06T15:01:45","date_gmt":"2024-02-06T14:01:45","guid":{"rendered":"https:\/\/polyart.ch\/produkt\/claris-film-transparent-02-mm\/"},"modified":"2024-02-06T15:01:45","modified_gmt":"2024-02-06T14:01:45","slug":"claris-film-transparent-02-mm","status":"publish","type":"product","link":"https:\/\/polyart.ch\/fr\/produit\/claris-film-transparent-02-mm\/","title":{"rendered":"CLARIS &#8211; Film transparent 0,2 mm"},"content":{"rendered":"<p>Notre film transparent Claris de 0,2 mm d&rsquo;\u00e9paisseur est polyvalent et id\u00e9al pour l&rsquo;industrie, l&rsquo;habillement et le textile.<\/p>\n<p>Gr\u00e2ce \u00e0 sa r\u00e9sistance aux temp\u00e9ratures \u00e9lev\u00e9es et \u00e0 son excellente r\u00e9sistance \u00e0 la lumi\u00e8re, il offre des performances fiables m\u00eame dans les conditions les plus difficiles.<\/p>\n","protected":false},"excerpt":{"rendered":"<p>Composition : <strong>PVC 100% (Phtalate Free)<\/strong><\/p>\n<p>Epaisseur : <strong>0.20 mm<\/strong><\/p>\n<p>Duret\u00e9 : <strong>Shore D 34<\/strong><\/p>\n<p>Largeur : <strong>135 cm<\/strong><\/p>\n<p>Longueur des rouleaux : <strong>1 &#8211; 120 mc<\/strong><\/p>\n<p>&nbsp;<\/p>\n<p>&nbsp;<\/p>\n","protected":false},"featured_media":22666,"template":"","meta":{"_acf_changed":false},"product_brand":[],"product_cat":[586],"product_tag":[],"class_list":{"0":"post-31359","1":"product","2":"type-product","3":"status-publish","4":"has-post-thumbnail","6":"product_cat-diapositives","7":"description-off","9":"first","10":"outofstock","11":"shipping-taxable","12":"product-type-variable"},"acf":[],"aioseo_notices":[],"_links":{"self":[{"href":"https:\/\/polyart.ch\/fr\/wp-json\/wp\/v2\/product\/31359","targetHints":{"allow":["GET"]}}],"collection":[{"href":"https:\/\/polyart.ch\/fr\/wp-json\/wp\/v2\/product"}],"about":[{"href":"https:\/\/polyart.ch\/fr\/wp-json\/wp\/v2\/types\/product"}],"version-history":[{"count":0,"href":"https:\/\/polyart.ch\/fr\/wp-json\/wp\/v2\/product\/31359\/revisions"}],"wp:featuredmedia":[{"embeddable":true,"href":"https:\/\/polyart.ch\/fr\/wp-json\/wp\/v2\/media\/22666"}],"wp:attachment":[{"href":"https:\/\/polyart.ch\/fr\/wp-json\/wp\/v2\/media?parent=31359"}],"wp:term":[{"taxonomy":"product_brand","embeddable":true,"href":"https:\/\/polyart.ch\/fr\/wp-json\/wp\/v2\/product_brand?post=31359"},{"taxonomy":"product_cat","embeddable":true,"href":"https:\/\/polyart.ch\/fr\/wp-json\/wp\/v2\/product_cat?post=31359"},{"taxonomy":"product_tag","embeddable":true,"href":"https:\/\/polyart.ch\/fr\/wp-json\/wp\/v2\/product_tag?post=31359"}],"curies":[{"name":"wp","href":"https:\/\/api.w.org\/{rel}","templated":true}]}}