{"id":31364,"date":"2024-02-05T11:26:33","date_gmt":"2024-02-05T10:26:33","guid":{"rendered":"https:\/\/polyart.ch\/produkt\/fers-a-decouper-et-travaux-destampage-pour-le-textile-et-le-cuir\/"},"modified":"2024-02-05T11:26:33","modified_gmt":"2024-02-05T10:26:33","slug":"fers-a-decouper-et-travaux-destampage-pour-le-textile-et-le-cuir","status":"publish","type":"product","link":"https:\/\/polyart.ch\/fr\/produit\/fers-a-decouper-et-travaux-destampage-pour-le-textile-et-le-cuir\/","title":{"rendered":"Fers \u00e0 d\u00e9couper et travaux d&rsquo;estampage pour le textile et le cuir"},"content":{"rendered":"<p>Nous proposons des emporte-pi\u00e8ces et des travaux de d\u00e9coupe pour tous les formats, mat\u00e9riaux et quantit\u00e9s souhait\u00e9s.<br \/>\nNous pouvons travailler les mat\u00e9riaux suivants :<\/p>\n<p>&#8211; tissus d&rsquo;ameublement<br \/>\n&#8211; similicuir<br \/>\n&#8211; films<br \/>\n&#8211; non-tiss\u00e9s<br \/>\n&#8211; feutres<br \/>\n&#8211; carton<br \/>\n&#8211; etc.<\/p>\n<p>Possibilit\u00e9 de travailler en grandes ou petites quantit\u00e9s.<\/p>\n<h3><\/h3>\n","protected":false},"excerpt":{"rendered":"<p>Nous proposons des emporte-pi\u00e8ces et des travaux de d\u00e9coupe pour tous les formats, mat\u00e9riaux et quantit\u00e9s souhait\u00e9s. Nous pouvons travailler les mat\u00e9riaux suivants : &#8211; tissus d&rsquo;ameublement &#8211; similicuir &#8211; films &#8211; non-tiss\u00e9s &#8211; feutres &#8211; carton &#8211; etc. Possibilit\u00e9 de travailler en grandes ou petites quantit\u00e9s.<\/p>\n","protected":false},"featured_media":23441,"template":"","meta":{"_acf_changed":false},"product_brand":[],"product_cat":[599],"product_tag":[],"class_list":{"0":"post-31364","1":"product","2":"type-product","3":"status-publish","4":"has-post-thumbnail","6":"product_cat-services-fr","7":"description-off","9":"first","10":"instock","11":"shipping-taxable","12":"product-type-simple"},"acf":[],"aioseo_notices":[],"_links":{"self":[{"href":"https:\/\/polyart.ch\/fr\/wp-json\/wp\/v2\/product\/31364","targetHints":{"allow":["GET"]}}],"collection":[{"href":"https:\/\/polyart.ch\/fr\/wp-json\/wp\/v2\/product"}],"about":[{"href":"https:\/\/polyart.ch\/fr\/wp-json\/wp\/v2\/types\/product"}],"version-history":[{"count":0,"href":"https:\/\/polyart.ch\/fr\/wp-json\/wp\/v2\/product\/31364\/revisions"}],"wp:featuredmedia":[{"embeddable":true,"href":"https:\/\/polyart.ch\/fr\/wp-json\/wp\/v2\/media\/23441"}],"wp:attachment":[{"href":"https:\/\/polyart.ch\/fr\/wp-json\/wp\/v2\/media?parent=31364"}],"wp:term":[{"taxonomy":"product_brand","embeddable":true,"href":"https:\/\/polyart.ch\/fr\/wp-json\/wp\/v2\/product_brand?post=31364"},{"taxonomy":"product_cat","embeddable":true,"href":"https:\/\/polyart.ch\/fr\/wp-json\/wp\/v2\/product_cat?post=31364"},{"taxonomy":"product_tag","embeddable":true,"href":"https:\/\/polyart.ch\/fr\/wp-json\/wp\/v2\/product_tag?post=31364"}],"curies":[{"name":"wp","href":"https:\/\/api.w.org\/{rel}","templated":true}]}}