{"id":31365,"date":"2024-02-06T15:09:38","date_gmt":"2024-02-06T14:09:38","guid":{"rendered":"https:\/\/polyart.ch\/produkt\/claris-film-transparent-hv_uv-0-3-1-0-mm\/"},"modified":"2024-02-06T15:09:38","modified_gmt":"2024-02-06T14:09:38","slug":"claris-film-transparent-hv_uv-0-3-1-0-mm","status":"publish","type":"product","link":"https:\/\/polyart.ch\/fr\/produit\/claris-film-transparent-hv_uv-0-3-1-0-mm\/","title":{"rendered":"CLARIS &#8211; Film transparent HV_UV 0.3 &#8211; 1.0 mm"},"content":{"rendered":"<p>La gamme standard de nos films transparents Claris comprend les \u00e9paisseurs les plus courantes, de 0,3 mm \u00e0 1,0 mm.<\/p>\n<p>Claris est polyvalent et id\u00e9al pour l&rsquo;industrie et les applications en ext\u00e9rieur, par exemple pour les fen\u00eatres de tentes, les fen\u00eatres de bateaux et toutes sortes de capotes.<\/p>\n<p>Gr\u00e2ce \u00e0 sa r\u00e9sistance aux temp\u00e9ratures \u00e9lev\u00e9es et \u00e0 son excellente r\u00e9sistance \u00e0 la lumi\u00e8re, il offre des performances fiables, m\u00eame dans des conditions exigeantes, dans le domaine de l&rsquo;\u00e9v\u00e9nementiel et des collectivit\u00e9s. Ce film de haute qualit\u00e9 se distingue par son excellente maniabilit\u00e9 et son utilisation universelle. <\/p>\n","protected":false},"excerpt":{"rendered":"<p>Composition : <strong>PVC 100% (sans phtalates)<\/strong><\/p>\n<p>\u00c9paisseur : <strong>0,30 mm, 0,40 mm, 0,50 mm 1,00 mm<\/strong><\/p>\n<p>Duret\u00e9 : <strong>Shore D 34<\/strong><\/p>\n<p>Largeur : <strong>135 &#8211; 140 cm<\/strong><\/p>\n<p>Longueur des rouleaux : <strong>1- 80 m\u00e8tres lin\u00e9aires<\/strong><\/p>\n<p>&nbsp;<\/p>\n<p><strong>Convient pour :<\/strong><br \/>\nInt\u00e9rieur et ext\u00e9rieur, fen\u00eatres de tentes, couvertures de bateaux, nappes de table, protections d&rsquo;appui,<\/p>\n<p>&nbsp;<\/p>\n<p><strong>Propri\u00e9t\u00e9s :<\/strong><br \/>\n+ Haute r\u00e9sistance aux UV<br \/>\n+ R\u00e9sistance au froid jusqu&rsquo;\u00e0 -25\u00b0C<br \/>\n+ Qualit\u00e9 haute vision<br \/>\n+ Soudable<\/p>\n<p>&nbsp;<\/p>\n","protected":false},"featured_media":22573,"template":"","meta":{"_acf_changed":false},"product_brand":[],"product_cat":[586],"product_tag":[],"class_list":{"0":"post-31365","1":"product","2":"type-product","3":"status-publish","4":"has-post-thumbnail","6":"product_cat-diapositives","7":"description-off","9":"first","10":"outofstock","11":"shipping-taxable","12":"product-type-variable"},"acf":[],"aioseo_notices":[],"_links":{"self":[{"href":"https:\/\/polyart.ch\/fr\/wp-json\/wp\/v2\/product\/31365","targetHints":{"allow":["GET"]}}],"collection":[{"href":"https:\/\/polyart.ch\/fr\/wp-json\/wp\/v2\/product"}],"about":[{"href":"https:\/\/polyart.ch\/fr\/wp-json\/wp\/v2\/types\/product"}],"version-history":[{"count":0,"href":"https:\/\/polyart.ch\/fr\/wp-json\/wp\/v2\/product\/31365\/revisions"}],"wp:featuredmedia":[{"embeddable":true,"href":"https:\/\/polyart.ch\/fr\/wp-json\/wp\/v2\/media\/22573"}],"wp:attachment":[{"href":"https:\/\/polyart.ch\/fr\/wp-json\/wp\/v2\/media?parent=31365"}],"wp:term":[{"taxonomy":"product_brand","embeddable":true,"href":"https:\/\/polyart.ch\/fr\/wp-json\/wp\/v2\/product_brand?post=31365"},{"taxonomy":"product_cat","embeddable":true,"href":"https:\/\/polyart.ch\/fr\/wp-json\/wp\/v2\/product_cat?post=31365"},{"taxonomy":"product_tag","embeddable":true,"href":"https:\/\/polyart.ch\/fr\/wp-json\/wp\/v2\/product_tag?post=31365"}],"curies":[{"name":"wp","href":"https:\/\/api.w.org\/{rel}","templated":true}]}}