{"id":31375,"date":"2023-12-18T13:13:56","date_gmt":"2023-12-18T12:13:56","guid":{"rendered":"https:\/\/polyart.ch\/produkt\/ginkgo-cuir-synthetique-pour-la-restauration\/"},"modified":"2026-02-19T08:18:03","modified_gmt":"2026-02-19T07:18:03","slug":"ginkgo-cuir-synthetique-pour-la-restauration","status":"publish","type":"product","link":"https:\/\/polyart.ch\/fr\/produit\/ginkgo-cuir-synthetique-pour-la-restauration\/","title":{"rendered":"GINKGO &#8211; Cuir synth\u00e9tique pour la restauration"},"content":{"rendered":"<p>Le similicuir Ginkgo est le choix id\u00e9al pour les salles de restaurant et l&rsquo;h\u00f4tellerie.<\/p>\n<p>Avec son grain de cuir moyen, son toucher ferme et sa structure robuste, il offre les meilleures caract\u00e9ristiques pour une utilisation en int\u00e9rieur. Durable, facile \u00e0 entretenir et visuellement attrayant pour une ambiance \u00e9l\u00e9gante. <\/p>\n","protected":false},"excerpt":{"rendered":"<p>Composition : <strong>PVC 85 % &#8211; Coton 15 %<\/strong><\/p>\n<p>Poids : <strong>830<\/strong><strong> g +\/- 40 g\/m2<\/strong><\/p>\n<p>Largeur : <strong>140 cm<\/strong><\/p>\n<p>Longueur du rouleau : <strong>1 &#8211; 30 m\u00e8tres lin\u00e9aires<\/strong><\/p>\n<p>\u00c9paisseur : <strong>1,35 mm +\/- 0,1 mm<\/strong><\/p>\n","protected":false},"featured_media":22132,"template":"","meta":{"_acf_changed":false},"product_brand":[],"product_cat":[875],"product_tag":[],"class_list":{"0":"post-31375","1":"product","2":"type-product","3":"status-publish","4":"has-post-thumbnail","6":"product_cat-similicuir_","7":"description-off","9":"first","10":"outofstock","11":"shipping-taxable","12":"product-type-variable"},"acf":[],"aioseo_notices":[],"_links":{"self":[{"href":"https:\/\/polyart.ch\/fr\/wp-json\/wp\/v2\/product\/31375","targetHints":{"allow":["GET"]}}],"collection":[{"href":"https:\/\/polyart.ch\/fr\/wp-json\/wp\/v2\/product"}],"about":[{"href":"https:\/\/polyart.ch\/fr\/wp-json\/wp\/v2\/types\/product"}],"version-history":[{"count":1,"href":"https:\/\/polyart.ch\/fr\/wp-json\/wp\/v2\/product\/31375\/revisions"}],"predecessor-version":[{"id":31379,"href":"https:\/\/polyart.ch\/fr\/wp-json\/wp\/v2\/product\/31375\/revisions\/31379"}],"wp:featuredmedia":[{"embeddable":true,"href":"https:\/\/polyart.ch\/fr\/wp-json\/wp\/v2\/media\/22132"}],"wp:attachment":[{"href":"https:\/\/polyart.ch\/fr\/wp-json\/wp\/v2\/media?parent=31375"}],"wp:term":[{"taxonomy":"product_brand","embeddable":true,"href":"https:\/\/polyart.ch\/fr\/wp-json\/wp\/v2\/product_brand?post=31375"},{"taxonomy":"product_cat","embeddable":true,"href":"https:\/\/polyart.ch\/fr\/wp-json\/wp\/v2\/product_cat?post=31375"},{"taxonomy":"product_tag","embeddable":true,"href":"https:\/\/polyart.ch\/fr\/wp-json\/wp\/v2\/product_tag?post=31375"}],"curies":[{"name":"wp","href":"https:\/\/api.w.org\/{rel}","templated":true}]}}