{"id":31382,"date":"2023-12-18T10:29:34","date_gmt":"2023-12-18T09:29:34","guid":{"rendered":"https:\/\/polyart.ch\/produkt\/extreme-similicuir-avec-aspect-textile\/"},"modified":"2026-02-25T11:36:32","modified_gmt":"2026-02-25T10:36:32","slug":"extreme-similicuir-avec-aspect-textile","status":"publish","type":"product","link":"https:\/\/polyart.ch\/fr\/produit\/extreme-similicuir-avec-aspect-textile\/","title":{"rendered":"EXTREME &#8211; Similicuir avec aspect textile"},"content":{"rendered":"<p>Le similicuir Extreme est un tissu d&rsquo;ameublement haut de gamme au design textile, \u00e0 la structure fine et au toucher particuli\u00e8rement sympathique.<\/p>\n<p>Le tissu est agr\u00e9able au toucher, flexible et id\u00e9al pour les rev\u00eatements de si\u00e8ges int\u00e9rieurs et ext\u00e9rieurs. Ce mat\u00e9riau se caract\u00e9rise par sa grande r\u00e9sistance et sa long\u00e9vit\u00e9. <\/p>\n","protected":false},"excerpt":{"rendered":"<p>Composition : <strong>PVC 86 % &#8211; PES\/Coton 14%<\/strong><\/p>\n<p>Poids : <strong>730g<\/strong><strong>+\/- 50 g\/m2<\/strong><\/p>\n<p>Largeur : <strong>137 cm<\/strong><\/p>\n<p>Longueur du rouleau : <strong>1 &#8211; 30 m\u00e8tres lin\u00e9aires<\/strong><\/p>\n<p>Epaisseur : <strong>1.2 mm +\/- 0.1 mm<\/strong><\/p>\n","protected":false},"featured_media":22200,"template":"","meta":{"_acf_changed":false},"product_brand":[],"product_cat":[875],"product_tag":[],"class_list":{"0":"post-31382","1":"product","2":"type-product","3":"status-publish","4":"has-post-thumbnail","6":"product_cat-similicuir_","7":"description-off","9":"first","10":"outofstock","11":"shipping-taxable","12":"product-type-variable"},"acf":[],"aioseo_notices":[],"_links":{"self":[{"href":"https:\/\/polyart.ch\/fr\/wp-json\/wp\/v2\/product\/31382","targetHints":{"allow":["GET"]}}],"collection":[{"href":"https:\/\/polyart.ch\/fr\/wp-json\/wp\/v2\/product"}],"about":[{"href":"https:\/\/polyart.ch\/fr\/wp-json\/wp\/v2\/types\/product"}],"version-history":[{"count":1,"href":"https:\/\/polyart.ch\/fr\/wp-json\/wp\/v2\/product\/31382\/revisions"}],"predecessor-version":[{"id":32648,"href":"https:\/\/polyart.ch\/fr\/wp-json\/wp\/v2\/product\/31382\/revisions\/32648"}],"wp:featuredmedia":[{"embeddable":true,"href":"https:\/\/polyart.ch\/fr\/wp-json\/wp\/v2\/media\/22200"}],"wp:attachment":[{"href":"https:\/\/polyart.ch\/fr\/wp-json\/wp\/v2\/media?parent=31382"}],"wp:term":[{"taxonomy":"product_brand","embeddable":true,"href":"https:\/\/polyart.ch\/fr\/wp-json\/wp\/v2\/product_brand?post=31382"},{"taxonomy":"product_cat","embeddable":true,"href":"https:\/\/polyart.ch\/fr\/wp-json\/wp\/v2\/product_cat?post=31382"},{"taxonomy":"product_tag","embeddable":true,"href":"https:\/\/polyart.ch\/fr\/wp-json\/wp\/v2\/product_tag?post=31382"}],"curies":[{"name":"wp","href":"https:\/\/api.w.org\/{rel}","templated":true}]}}