{"id":31388,"date":"2023-12-18T07:49:55","date_gmt":"2023-12-18T06:49:55","guid":{"rendered":"https:\/\/polyart.ch\/produkt\/cambbio-cuir-synthetique-b1-pour-les-collectivites\/"},"modified":"2026-02-25T11:34:12","modified_gmt":"2026-02-25T10:34:12","slug":"cambbio-cuir-synthetique-b1-pour-les-collectivites","status":"publish","type":"product","link":"https:\/\/polyart.ch\/fr\/produit\/cambbio-cuir-synthetique-b1-pour-les-collectivites\/","title":{"rendered":"CAMBBIO &#8211; Cuir synth\u00e9tique B1 pour les collectivit\u00e9s"},"content":{"rendered":"<p>Le similicuir Cambbio B1 est un similicuir de haute qualit\u00e9 avec un gaufrage naturel destin\u00e9 aux collectivit\u00e9s. Ce similicuir se distingue par son grand choix de couleurs et sa durabilit\u00e9.<\/p>\n<h3><\/h3>\n","protected":false},"excerpt":{"rendered":"<p>Composition : <strong>PVC 83 % &#8211; PES 17 %<\/strong><\/p>\n<p>Poids : <strong>770 g +\/- 50 g\/m2<\/strong><\/p>\n<p>Largeur : <strong>137 cm<\/strong><\/p>\n<p>Longueur du rouleau : <strong>1 &#8211; 30 m\u00e8tres lin\u00e9aires<\/strong><\/p>\n<p>Epaisseur : <strong>1.2 mm +\/- 0.15 mm<\/strong><\/p>\n","protected":false},"featured_media":22187,"template":"","meta":{"_acf_changed":false},"product_brand":[],"product_cat":[875],"product_tag":[],"class_list":{"0":"post-31388","1":"product","2":"type-product","3":"status-publish","4":"has-post-thumbnail","6":"product_cat-similicuir_","7":"description-off","9":"first","10":"outofstock","11":"shipping-taxable","12":"product-type-variable"},"acf":[],"aioseo_notices":[],"_links":{"self":[{"href":"https:\/\/polyart.ch\/fr\/wp-json\/wp\/v2\/product\/31388","targetHints":{"allow":["GET"]}}],"collection":[{"href":"https:\/\/polyart.ch\/fr\/wp-json\/wp\/v2\/product"}],"about":[{"href":"https:\/\/polyart.ch\/fr\/wp-json\/wp\/v2\/types\/product"}],"version-history":[{"count":1,"href":"https:\/\/polyart.ch\/fr\/wp-json\/wp\/v2\/product\/31388\/revisions"}],"predecessor-version":[{"id":31394,"href":"https:\/\/polyart.ch\/fr\/wp-json\/wp\/v2\/product\/31388\/revisions\/31394"}],"wp:featuredmedia":[{"embeddable":true,"href":"https:\/\/polyart.ch\/fr\/wp-json\/wp\/v2\/media\/22187"}],"wp:attachment":[{"href":"https:\/\/polyart.ch\/fr\/wp-json\/wp\/v2\/media?parent=31388"}],"wp:term":[{"taxonomy":"product_brand","embeddable":true,"href":"https:\/\/polyart.ch\/fr\/wp-json\/wp\/v2\/product_brand?post=31388"},{"taxonomy":"product_cat","embeddable":true,"href":"https:\/\/polyart.ch\/fr\/wp-json\/wp\/v2\/product_cat?post=31388"},{"taxonomy":"product_tag","embeddable":true,"href":"https:\/\/polyart.ch\/fr\/wp-json\/wp\/v2\/product_tag?post=31388"}],"curies":[{"name":"wp","href":"https:\/\/api.w.org\/{rel}","templated":true}]}}