{"id":31392,"date":"2023-12-18T08:49:55","date_gmt":"2023-12-18T07:49:55","guid":{"rendered":"https:\/\/polyart.ch\/produkt\/capri-cuir-synthetique-pour-le-secteur-medical\/"},"modified":"2026-02-25T11:35:40","modified_gmt":"2026-02-25T10:35:40","slug":"capri-cuir-synthetique-pour-le-secteur-medical","status":"publish","type":"product","link":"https:\/\/polyart.ch\/fr\/produit\/capri-cuir-synthetique-pour-le-secteur-medical\/","title":{"rendered":"CAPRI &#8211; Cuir synth\u00e9tique pour le secteur m\u00e9dical"},"content":{"rendered":"<p>CAPRI est un mat\u00e9riau finement structur\u00e9 au toucher particuli\u00e8rement agr\u00e9able. Gr\u00e2ce \u00e0 ses caract\u00e9ristiques particuli\u00e8res, CAPRI est le premier choix pour une utilisation dans le secteur de la sant\u00e9, par exemple pour les tables m\u00e9dicales et les fauteuils de soins. CAPRI est biocompatible selon la norme DIN EN ISO 10993-5, 1999-11 et particuli\u00e8rement bien tol\u00e9r\u00e9 par la peau.<\/p>\n","protected":false},"excerpt":{"rendered":"<p>Composition : <strong>PVC 81% &#8211; PES 19%<\/strong><\/p>\n<p>Poids : <strong>730<\/strong><strong> g +\/- 50 g\/m2<\/strong><\/p>\n<p>Largeur : <strong>137 cm<\/strong><\/p>\n<p>Longueur du rouleau : <strong>1 &#8211; 30 m\u00e8tres lin\u00e9aires<\/strong><\/p>\n<p>Epaisseur : <strong>1.1 mm +\/- 0.1 mm<\/strong><\/p>\n","protected":false},"featured_media":22184,"template":"","meta":{"_acf_changed":false},"product_brand":[],"product_cat":[875],"product_tag":[],"class_list":{"0":"post-31392","1":"product","2":"type-product","3":"status-publish","4":"has-post-thumbnail","6":"product_cat-similicuir_","7":"description-off","9":"first","10":"outofstock","11":"shipping-taxable","12":"product-type-variable"},"acf":[],"aioseo_notices":[],"_links":{"self":[{"href":"https:\/\/polyart.ch\/fr\/wp-json\/wp\/v2\/product\/31392","targetHints":{"allow":["GET"]}}],"collection":[{"href":"https:\/\/polyart.ch\/fr\/wp-json\/wp\/v2\/product"}],"about":[{"href":"https:\/\/polyart.ch\/fr\/wp-json\/wp\/v2\/types\/product"}],"version-history":[{"count":1,"href":"https:\/\/polyart.ch\/fr\/wp-json\/wp\/v2\/product\/31392\/revisions"}],"predecessor-version":[{"id":32650,"href":"https:\/\/polyart.ch\/fr\/wp-json\/wp\/v2\/product\/31392\/revisions\/32650"}],"wp:featuredmedia":[{"embeddable":true,"href":"https:\/\/polyart.ch\/fr\/wp-json\/wp\/v2\/media\/22184"}],"wp:attachment":[{"href":"https:\/\/polyart.ch\/fr\/wp-json\/wp\/v2\/media?parent=31392"}],"wp:term":[{"taxonomy":"product_brand","embeddable":true,"href":"https:\/\/polyart.ch\/fr\/wp-json\/wp\/v2\/product_brand?post=31392"},{"taxonomy":"product_cat","embeddable":true,"href":"https:\/\/polyart.ch\/fr\/wp-json\/wp\/v2\/product_cat?post=31392"},{"taxonomy":"product_tag","embeddable":true,"href":"https:\/\/polyart.ch\/fr\/wp-json\/wp\/v2\/product_tag?post=31392"}],"curies":[{"name":"wp","href":"https:\/\/api.w.org\/{rel}","templated":true}]}}