{"id":31410,"date":"2025-12-02T07:51:12","date_gmt":"2025-12-02T06:51:12","guid":{"rendered":"https:\/\/polyart.ch\/?post_type=product&#038;p=31410"},"modified":"2025-12-02T10:58:30","modified_gmt":"2025-12-02T09:58:30","slug":"tpu-film-pour-aliments-kopie","status":"publish","type":"product","link":"https:\/\/polyart.ch\/fr\/produit\/tpu-film-pour-aliments-kopie\/","title":{"rendered":"TPU alimentaire &#8211; 100my + 180my"},"content":{"rendered":"<article class=\"text-token-text-primary w-full focus:outline-none [--shadow-height:45px] has-data-writing-block:pointer-events-none has-data-writing-block:-mt-(--shadow-height) has-data-writing-block:pt-(--shadow-height) [&amp;:has([data-writing-block])&gt;*]:pointer-events-auto [content-visibility:auto] supports-[content-visibility:auto]:[contain-intrinsic-size:auto_100lvh] scroll-mt-[calc(var(--header-height)+min(200px,max(70px,20svh)))]\" dir=\"auto\" data-turn-id=\"request-WEB:4cd18e32-4a42-4e73-96b7-fbbdb29253f8-0\" data-testid=\"conversation-turn-2\" data-scroll-anchor=\"true\" data-turn=\"assistant\">\n<div class=\"text-base my-auto mx-auto pb-10 [--thread-content-margin:--spacing(4)] thread-sm:[--thread-content-margin:--spacing(6)] thread-lg:[--thread-content-margin:--spacing(16)] px-(--thread-content-margin)\">\n<div class=\"[--thread-content-max-width:40rem] thread-lg:[--thread-content-max-width:48rem] mx-auto max-w-(--thread-content-max-width) flex-1 group\/turn-messages focus-visible:outline-hidden relative flex w-full min-w-0 flex-col agent-turn\">\n<div class=\"flex max-w-full flex-col grow\">\n<div class=\"min-h-8 text-message relative flex w-full flex-col items-end gap-2 text-start break-words whitespace-normal [.text-message+&amp;]:mt-1\" dir=\"auto\" data-message-author-role=\"assistant\" data-message-id=\"b7fd4135-3d1d-4a82-8725-7a67494d465a\" data-message-model-slug=\"gpt-5-1\">\n<div class=\"flex w-full flex-col gap-1 empty:hidden first:pt-[1px]\">\n<div class=\"markdown prose dark:prose-invert w-full break-words light markdown-new-styling\">\n<div id=\"writing-block-b7fd4135-3d1d-4a82-8725-7a67494d465a\" class=\"group my-4 w-full overflow-visible rounded-2xl relative z-0 bg-token-bg-primary dark:bg-[#2a2a2a] shadow-[0px_0px_0px_1px_rgba(0,0,0,0.08),0px_2px_2px_rgba(0,0,0,0.08),0px_4px_80px_rgba(0,0,0,0.03)] dark:shadow-[0px_0px_0px_1px_rgba(255,255,255,0.12),0px_2px_2px_rgba(0,0,0,0.2)]\" data-writing-block=\"true\">\n<div class=\"writing-block-editor markdown-new-styling relative pt-4 pb-2 md:pt-12 md:pb-10 px-5 [--writing-block-editor-left-padding:theme(spacing.5)] [--writing-block-editor-right-padding:theme(spacing.5)] md:px-14 md:[--writing-block-editor-left-padding:theme(spacing.14)] md:[--writing-block-editor-right-padding:theme(spacing.14)]\">\n<div class=\"ProseMirror markdown prose dark:prose-invert w-full min-h-6 break-words focus:outline-none\">\n<p>Notre film TPU alimentaire et biocompatible s\u00e9duit par sa surface \u00e9lastique et caoutchouteuse et sa robustesse exceptionnelle.<\/p>\n<p>Il offre une r\u00e9sistance \u00e9lev\u00e9e aux produits chimiques, \u00e0 l&rsquo;abrasion ainsi qu&rsquo;aux influences environnementales et convient donc parfaitement aux applications soumises \u00e0 des exigences \u00e9lev\u00e9es.<\/p>\n<p>Gr\u00e2ce \u00e0 ses propri\u00e9t\u00e9s mat\u00e9rielles exceptionnelles, notre film TPU est id\u00e9al pour une utilisation dans l&rsquo;industrie, la technique m\u00e9dicale et d&rsquo;autres domaines sensibles.<\/p>\n<\/div>\n<\/div>\n<\/div>\n<\/div>\n<\/div>\n<\/div>\n<\/div>\n<div class=\"z-0 flex min-h-[46px] justify-start\"><\/div>\n<div class=\"mt-3 w-full empty:hidden\">\n<div class=\"text-center\"><\/div>\n<\/div>\n<\/div>\n<\/div>\n<\/article>\n<div class=\"pointer-events-none h-px w-px\" aria-hidden=\"true\" data-edge=\"true\"><\/div>\n","protected":false},"excerpt":{"rendered":"<p>Composition : <strong>PVC 100<\/strong><\/p>\n<p>\u00c9paisseur : <strong>100 my, 180 my<\/strong><\/p>\n<p>Largeur : <strong>140 cm<\/strong><\/p>\n<p>Longueur du rouleau : <strong>50 m\u00e8tres lin\u00e9aires<\/strong><\/p>\n<p>&nbsp;<\/p>\n<p><strong>Convient pour :<\/strong><br \/>\nTransformation\/emballage alimentaire, industrie m\u00e9dicale, v\u00eatements, etc.<\/p>\n<p><strong>Caract\u00e9ristiques :<\/strong><\/p>\n<p>+ Conforme \u00e0 la norme alimentaire DIN EN 1186-5<\/p>\n<p>+ haute r\u00e9sistance aux produits chimiques<\/p>\n<p>+ sans PVC<\/p>\n<p>+ Biocompatibilit\u00e9 EN ISO 10993-5<\/p>\n<p>+ Haute r\u00e9sistance aux UV<\/p>\n<p>+ R\u00e9sistance \u00e0 la temp\u00e9rature -40\u00b0C \/ + 125\u00b0C<\/p>\n<p>+ antibact\u00e9rien<\/p>\n<p>+ soudable<\/p>\n<p>+ recyclable<\/p>\n<p>&nbsp;<\/p>\n<p><strong>Choix de la couleur :<\/strong><br \/>\nblanc mat<\/p>\n","protected":false},"featured_media":22594,"template":"","meta":{"_acf_changed":false},"product_brand":[],"product_cat":[586],"product_tag":[],"class_list":{"0":"post-31410","1":"product","2":"type-product","3":"status-publish","4":"has-post-thumbnail","6":"product_cat-diapositives","7":"description-off","9":"first","10":"outofstock","11":"shipping-taxable","12":"product-type-variable"},"acf":[],"aioseo_notices":[],"_links":{"self":[{"href":"https:\/\/polyart.ch\/fr\/wp-json\/wp\/v2\/product\/31410","targetHints":{"allow":["GET"]}}],"collection":[{"href":"https:\/\/polyart.ch\/fr\/wp-json\/wp\/v2\/product"}],"about":[{"href":"https:\/\/polyart.ch\/fr\/wp-json\/wp\/v2\/types\/product"}],"version-history":[{"count":6,"href":"https:\/\/polyart.ch\/fr\/wp-json\/wp\/v2\/product\/31410\/revisions"}],"predecessor-version":[{"id":31517,"href":"https:\/\/polyart.ch\/fr\/wp-json\/wp\/v2\/product\/31410\/revisions\/31517"}],"wp:featuredmedia":[{"embeddable":true,"href":"https:\/\/polyart.ch\/fr\/wp-json\/wp\/v2\/media\/22594"}],"wp:attachment":[{"href":"https:\/\/polyart.ch\/fr\/wp-json\/wp\/v2\/media?parent=31410"}],"wp:term":[{"taxonomy":"product_brand","embeddable":true,"href":"https:\/\/polyart.ch\/fr\/wp-json\/wp\/v2\/product_brand?post=31410"},{"taxonomy":"product_cat","embeddable":true,"href":"https:\/\/polyart.ch\/fr\/wp-json\/wp\/v2\/product_cat?post=31410"},{"taxonomy":"product_tag","embeddable":true,"href":"https:\/\/polyart.ch\/fr\/wp-json\/wp\/v2\/product_tag?post=31410"}],"curies":[{"name":"wp","href":"https:\/\/api.w.org\/{rel}","templated":true}]}}