{"id":32106,"date":"2026-02-10T15:52:31","date_gmt":"2026-02-10T14:52:31","guid":{"rendered":"https:\/\/polyart.ch\/?post_type=product&#038;p=32106"},"modified":"2026-02-10T16:34:33","modified_gmt":"2026-02-10T15:34:33","slug":"studio-cs-tissu-chenille-luxueux-en-trevira-cs-kopie-kopie-kopie-kopie","status":"publish","type":"product","link":"https:\/\/polyart.ch\/fr\/produit\/studio-cs-tissu-chenille-luxueux-en-trevira-cs-kopie-kopie-kopie-kopie\/","title":{"rendered":"INTRO CS &#8211; Trevira avec une structure forte"},"content":{"rendered":"<p>Intro CS est un tissu d&rsquo;ameublement \u00e9l\u00e9gant avec une surface structur\u00e9e et une touche naturelle. Le caract\u00e8re particulier du tissu est obtenu par une structure forte et un effet tridimensionnel. <\/p>\n<p>Gr\u00e2ce \u00e0 son traitement ignifuge et \u00e0 ses excellentes propri\u00e9t\u00e9s techniques, il est id\u00e9al pour le secteur Contract et les espaces publics.<\/p>\n<p>&nbsp;<\/p>\n<p>&nbsp;<\/p>\n<p><img decoding=\"async\" class=\"alignnone size-full wp-image-30550\" src=\"https:\/\/polyart.ch\/wp-content\/uploads\/2025\/10\/trevira-4.jpg\" alt=\"\" width=\"250\" height=\"130\"><\/p>\n","protected":false},"excerpt":{"rendered":"<p>Composition : <strong>Trevira CS<\/strong><strong> 100 %<\/strong><\/p>\n<p>Poids : <strong>920 g\/m2<\/strong><\/p>\n<p>Largeur : <strong>140 cm<\/strong><\/p>\n<p>Longueur du rouleau : <strong>1 &#8211; 20 m\u00e8tres lin\u00e9aires<\/strong><\/p>\n<p>&nbsp;<\/p>\n","protected":false},"featured_media":31967,"template":"","meta":{"_acf_changed":false},"product_brand":[],"product_cat":[542],"product_tag":[],"class_list":{"0":"post-32106","1":"product","2":"type-product","3":"status-publish","4":"has-post-thumbnail","6":"product_cat-tissus-dameublement","7":"description-off","9":"first","10":"outofstock","11":"shipping-taxable","12":"product-type-variable"},"acf":[],"aioseo_notices":[],"_links":{"self":[{"href":"https:\/\/polyart.ch\/fr\/wp-json\/wp\/v2\/product\/32106","targetHints":{"allow":["GET"]}}],"collection":[{"href":"https:\/\/polyart.ch\/fr\/wp-json\/wp\/v2\/product"}],"about":[{"href":"https:\/\/polyart.ch\/fr\/wp-json\/wp\/v2\/types\/product"}],"version-history":[{"count":2,"href":"https:\/\/polyart.ch\/fr\/wp-json\/wp\/v2\/product\/32106\/revisions"}],"predecessor-version":[{"id":32124,"href":"https:\/\/polyart.ch\/fr\/wp-json\/wp\/v2\/product\/32106\/revisions\/32124"}],"wp:featuredmedia":[{"embeddable":true,"href":"https:\/\/polyart.ch\/fr\/wp-json\/wp\/v2\/media\/31967"}],"wp:attachment":[{"href":"https:\/\/polyart.ch\/fr\/wp-json\/wp\/v2\/media?parent=32106"}],"wp:term":[{"taxonomy":"product_brand","embeddable":true,"href":"https:\/\/polyart.ch\/fr\/wp-json\/wp\/v2\/product_brand?post=32106"},{"taxonomy":"product_cat","embeddable":true,"href":"https:\/\/polyart.ch\/fr\/wp-json\/wp\/v2\/product_cat?post=32106"},{"taxonomy":"product_tag","embeddable":true,"href":"https:\/\/polyart.ch\/fr\/wp-json\/wp\/v2\/product_tag?post=32106"}],"curies":[{"name":"wp","href":"https:\/\/api.w.org\/{rel}","templated":true}]}}