{"id":32112,"date":"2026-02-10T16:21:34","date_gmt":"2026-02-10T15:21:34","guid":{"rendered":"https:\/\/polyart.ch\/?post_type=product&#038;p=32112"},"modified":"2026-02-10T16:33:40","modified_gmt":"2026-02-10T15:33:40","slug":"studio-cs-tissu-chenille-luxueux-en-trevira-cs-kopie-kopie-kopie-kopie-kopie","status":"publish","type":"product","link":"https:\/\/polyart.ch\/fr\/produit\/studio-cs-tissu-chenille-luxueux-en-trevira-cs-kopie-kopie-kopie-kopie-kopie\/","title":{"rendered":"COCO &#8211; Tissu d&rsquo;ameublement \u00e0 effet bouclette"},"content":{"rendered":"<p>Le tissu d&rsquo;ameublement COCO a un effet boul\u00e9 structur\u00e9 et se d\u00e9cline en 19 couleurs fantastiques.<\/p>\n<p>&nbsp;<\/p>\n<p>&nbsp;<\/p>\n<p>&nbsp;<\/p>\n","protected":false},"excerpt":{"rendered":"<p>Composition : <strong>Polyester 100%<\/strong> (Mass dyed polyester)<\/p>\n<p>Poids : <strong>375 g\/m2<\/strong><\/p>\n<p>Largeur : <strong>140 cm<\/strong><\/p>\n<p>Longueur du rouleau : <strong>1 &#8211; 25 m\u00e8tres lin\u00e9aires<\/strong><\/p>\n<p>&nbsp;<\/p>\n","protected":false},"featured_media":32039,"template":"","meta":{"_acf_changed":false},"product_brand":[],"product_cat":[542],"product_tag":[],"class_list":{"0":"post-32112","1":"product","2":"type-product","3":"status-publish","4":"has-post-thumbnail","6":"product_cat-tissus-dameublement","7":"description-off","9":"first","10":"outofstock","11":"shipping-taxable","12":"product-type-variable"},"acf":[],"aioseo_notices":[],"_links":{"self":[{"href":"https:\/\/polyart.ch\/fr\/wp-json\/wp\/v2\/product\/32112","targetHints":{"allow":["GET"]}}],"collection":[{"href":"https:\/\/polyart.ch\/fr\/wp-json\/wp\/v2\/product"}],"about":[{"href":"https:\/\/polyart.ch\/fr\/wp-json\/wp\/v2\/types\/product"}],"version-history":[{"count":2,"href":"https:\/\/polyart.ch\/fr\/wp-json\/wp\/v2\/product\/32112\/revisions"}],"predecessor-version":[{"id":32117,"href":"https:\/\/polyart.ch\/fr\/wp-json\/wp\/v2\/product\/32112\/revisions\/32117"}],"wp:featuredmedia":[{"embeddable":true,"href":"https:\/\/polyart.ch\/fr\/wp-json\/wp\/v2\/media\/32039"}],"wp:attachment":[{"href":"https:\/\/polyart.ch\/fr\/wp-json\/wp\/v2\/media?parent=32112"}],"wp:term":[{"taxonomy":"product_brand","embeddable":true,"href":"https:\/\/polyart.ch\/fr\/wp-json\/wp\/v2\/product_brand?post=32112"},{"taxonomy":"product_cat","embeddable":true,"href":"https:\/\/polyart.ch\/fr\/wp-json\/wp\/v2\/product_cat?post=32112"},{"taxonomy":"product_tag","embeddable":true,"href":"https:\/\/polyart.ch\/fr\/wp-json\/wp\/v2\/product_tag?post=32112"}],"curies":[{"name":"wp","href":"https:\/\/api.w.org\/{rel}","templated":true}]}}