{"id":33110,"date":"2026-02-25T14:02:19","date_gmt":"2026-02-25T13:02:19","guid":{"rendered":"https:\/\/polyart.ch\/?post_type=product&#038;p=33110"},"modified":"2026-02-26T08:15:49","modified_gmt":"2026-02-26T07:15:49","slug":"mistral-free-cuir-synthetique-produit-de-maniere-durable-kopie","status":"publish","type":"product","link":"https:\/\/polyart.ch\/fr\/produit\/mistral-free-cuir-synthetique-produit-de-maniere-durable-kopie\/","title":{"rendered":"PRODIGY &#8211; Cuir synth\u00e9tique avec norme incendie AEAI 5.3"},"content":{"rendered":"<p data-start=\"55\" data-end=\"332\">Le similicuir moderne <strong data-start=\"78\" data-end=\"89\">Prodigy<\/strong> allie une esth\u00e9tique sophistiqu\u00e9e \u00e0 une s\u00e9curit\u00e9 test\u00e9e :<\/p>\n<p data-start=\"55\" data-end=\"332\">Il r\u00e9pond \u00e0 la norme incendie suisse <strong data-start=\"190\" data-end=\"201\">BKZ\/VKF<\/strong> et atteint la classification de protection incendie <strong data-start=\"253\" data-end=\"260\">5.3<\/strong> &#8211; id\u00e9al pour les espaces int\u00e9rieurs publics et priv\u00e9s aux exigences \u00e9lev\u00e9es.<\/p>\n<p data-start=\"334\" data-end=\"655\">Avec sa palette de couleurs contemporaines, Prodigy conf\u00e8re \u00e0 chaque pi\u00e8ce une \u00e9l\u00e9gance styl\u00e9e. Son toucher exceptionnellement doux augmente sensiblement le confort d&rsquo;assise et fait de ce mat\u00e9riau le choix id\u00e9al pour les concepts d&rsquo;habitat modernes, les espaces commerciaux haut de gamme et les applications ext\u00e9rieures de luxe. <\/p>\n<p data-start=\"988\" data-end=\"1010\"><strong data-start=\"988\" data-end=\"1010\">Similicuir Prodigy est synonyme de :<\/strong><\/p>\n<ul data-start=\"1011\" data-end=\"1257\">\n<li data-start=\"1011\" data-end=\"1060\">\n<p data-start=\"1013\" data-end=\"1060\">protection incendie test\u00e9e selon BKZ\/VKF (classe 5.3)<\/p>\n<\/li>\n<li data-start=\"1061\" data-end=\"1105\">\n<p data-start=\"1063\" data-end=\"1105\">couleurs modernes et aspect classique du grain de cuir<\/p>\n<\/li>\n<li data-start=\"1106\" data-end=\"1153\">\n<p data-start=\"1108\" data-end=\"1153\">un toucher particuli\u00e8rement doux et un grand confort d&rsquo;assise<\/p>\n<\/li>\n<li data-start=\"1154\" data-end=\"1204\">\n<p data-start=\"1156\" data-end=\"1204\">qualit\u00e9 durable pour l&rsquo;int\u00e9rieur et l&rsquo;ext\u00e9rieur<\/p>\n<\/li>\n<li data-start=\"1205\" data-end=\"1257\">\n<p data-start=\"1207\" data-end=\"1257\">fabrication durable \u00e0 partir de mat\u00e9riaux recycl\u00e9s<\/p>\n<\/li>\n<\/ul>\n<p><img decoding=\"async\" class=\"alignnone wp-image-33118\" src=\"https:\/\/polyart.ch\/wp-content\/uploads\/2026\/02\/morgreen-logo-1.png\" alt=\"\" width=\"277\" height=\"109\"><\/p>\n<p>&nbsp;<\/p>\n<p><img fetchpriority=\"high\" decoding=\"async\" class=\"alignnone wp-image-33122\" src=\"https:\/\/polyart.ch\/wp-content\/uploads\/2026\/02\/Bildschirmfoto-2026-02-25-um-14.10.08.png\" alt=\"\" width=\"713\" height=\"310\" srcset=\"https:\/\/polyart.ch\/wp-content\/uploads\/2026\/02\/Bildschirmfoto-2026-02-25-um-14.10.08.png 800w, https:\/\/polyart.ch\/wp-content\/uploads\/2026\/02\/Bildschirmfoto-2026-02-25-um-14.10.08-768x334.png 768w\" sizes=\"(max-width: 713px) 100vw, 713px\" \/><\/p>\n<p>&nbsp;<\/p>\n","protected":false},"excerpt":{"rendered":"<p>Composition : <strong>Vinyle<\/strong><strong> &#8211; support 100% PES recycl\u00e9<\/strong><\/p>\n<p>Poids : <strong>695 g <\/strong><\/p>\n<p>Largeur : <strong>137 cm<\/strong><\/p>\n<p>Longueur du rouleau : <strong>30 m\u00e8tres lin\u00e9aires <\/strong><\/p>\n<p>Epaisseur : <strong>1.0 mm +\/- 0.1 mm<\/strong><\/p>\n","protected":false},"featured_media":32870,"template":"","meta":{"_acf_changed":false},"product_brand":[],"product_cat":[875],"product_tag":[],"class_list":{"0":"post-33110","1":"product","2":"type-product","3":"status-publish","4":"has-post-thumbnail","6":"product_cat-similicuir_","7":"description-off","9":"first","10":"outofstock","11":"shipping-taxable","12":"product-type-variable"},"acf":[],"aioseo_notices":[],"_links":{"self":[{"href":"https:\/\/polyart.ch\/fr\/wp-json\/wp\/v2\/product\/33110","targetHints":{"allow":["GET"]}}],"collection":[{"href":"https:\/\/polyart.ch\/fr\/wp-json\/wp\/v2\/product"}],"about":[{"href":"https:\/\/polyart.ch\/fr\/wp-json\/wp\/v2\/types\/product"}],"version-history":[{"count":3,"href":"https:\/\/polyart.ch\/fr\/wp-json\/wp\/v2\/product\/33110\/revisions"}],"predecessor-version":[{"id":33140,"href":"https:\/\/polyart.ch\/fr\/wp-json\/wp\/v2\/product\/33110\/revisions\/33140"}],"wp:featuredmedia":[{"embeddable":true,"href":"https:\/\/polyart.ch\/fr\/wp-json\/wp\/v2\/media\/32870"}],"wp:attachment":[{"href":"https:\/\/polyart.ch\/fr\/wp-json\/wp\/v2\/media?parent=33110"}],"wp:term":[{"taxonomy":"product_brand","embeddable":true,"href":"https:\/\/polyart.ch\/fr\/wp-json\/wp\/v2\/product_brand?post=33110"},{"taxonomy":"product_cat","embeddable":true,"href":"https:\/\/polyart.ch\/fr\/wp-json\/wp\/v2\/product_cat?post=33110"},{"taxonomy":"product_tag","embeddable":true,"href":"https:\/\/polyart.ch\/fr\/wp-json\/wp\/v2\/product_tag?post=33110"}],"curies":[{"name":"wp","href":"https:\/\/api.w.org\/{rel}","templated":true}]}}