{"id":33199,"date":"2026-03-27T10:53:09","date_gmt":"2026-03-27T09:53:09","guid":{"rendered":"https:\/\/polyart.ch\/?post_type=product&#038;p=33199"},"modified":"2026-03-27T11:05:34","modified_gmt":"2026-03-27T10:05:34","slug":"polyglue-systeme-de-colle-mobile-en-spray-kopie","status":"publish","type":"product","link":"https:\/\/polyart.ch\/fr\/produit\/polyglue-systeme-de-colle-mobile-en-spray-kopie\/","title":{"rendered":"POLYGLUE BASIC &#8211; Syst\u00e8me de colle en spray mobile et \u00e9conomique"},"content":{"rendered":"<div class=\"row\">\n<div class=\"col-xs-12 col-sm-6 col-md-6 col-lg-6\">Syst\u00e8me de colle en spray \u00e9conomique et mobile. Convient pour le collage de moquettes, de mousse, de cuir et de textiles.  Utilisation flexible, sans \u00e9lectricit\u00e9 ni compresseur.<br \/>\nLe syst\u00e8me est imm\u00e9diatement pr\u00eat \u00e0 l&#8217;emploi, m\u00eame apr\u00e8s une longue p\u00e9riode de non-utilisation, sans nettoyage fastidieux.Convient pour le collage de :<br \/>\nmousse, textiles, moquettes, cuir, PVC, feutre,<br \/>\nli\u00e8ge, caoutchouc, bois, verre, MDF, linol\u00e9um, acier, etc.<\/div>\n<\/div>\n<div><\/div>\n<div><\/div>\n<div>Demandez conseil.<\/div>\n<div><\/div>\n<div><\/div>\n<div class=\"row\">\n<div class=\"col-xs-12 col-sm-6 col-md-6 col-lg-6\">\n<p><strong>Donn\u00e9es techniques :<\/strong><br \/>\nBidon : 17kg<br \/>\nConsommation : 6 &#8211; 8 m2 par kg (deux faces)<br \/>\nR\u00e9sistance au cisaillement : &gt; 140 psi<br \/>\nTemps d&rsquo;\u00e9vaporation : 2 &#8211; 4 minutes<br \/>\nTemps ouvert : 3 &#8211; 4 heures<br \/>\nR\u00e9sistance \u00e0 la temp\u00e9rature : &gt; +100\u00b0C<\/p>\n<p>&nbsp;<\/p>\n<\/div>\n<\/div>\n<div class=\"container\">\n<div class=\"row\">\n<div class=\"col-xs-12 col-sm-12 col-md-12 col-lg-12\"><strong>Caract\u00e9ristiques :<\/strong><br \/>\n+ syst\u00e8me mobile, utilisable sans \u00e9lectricit\u00e9 ni compresseur<br \/>\n+ pratiquement inodore, r\u00e9sistant \u00e0 l&rsquo;eau, transparent<br \/>\n+ plus de spatule ni de pinceau<br \/>\n+ r\u00e9glage du jet de pulv\u00e9risation de pr\u00e9cis \u00e0 large<br \/>\n+ id\u00e9al pour recouvrir les marches d&rsquo;escalier<br \/>\n+ port\u00e9e des deux c\u00f4t\u00e9s env. 110 m2<br \/>\n+ 17 kg de colle de contact en spray remplacent environ 60 kg de colle du commerce<br \/>\n+ peut \u00eatre utilis\u00e9 pendant au moins 18 mois apr\u00e8s ouverture<br \/>\n+ faible co\u00fbt d&rsquo;achat<br \/>\n+ ne nuit pas \u00e0 la couche d&rsquo;ozone<br \/>\n+ forte r\u00e9duction de l&rsquo;\u00e9mission de solvants<br \/>\n+ tr\u00e8s \u00e9conomique<\/div>\n<\/div>\n<\/div>\n","protected":false},"excerpt":{"rendered":"<p>Syst\u00e8me de colle en spray \u00e9conomique et mobile. Convient pour le collage de moquettes, de mousse, de cuir et de textiles. Utilisation flexible, sans \u00e9lectricit\u00e9 ni compresseur. Le syst\u00e8me est imm\u00e9diatement pr\u00eat \u00e0 l&#8217;emploi, m\u00eame apr\u00e8s une longue p\u00e9riode de non-utilisation, sans nettoyage fastidieux.Convient pour le collage de : mousse, textiles, moquettes, cuir, PVC, feutre,&hellip;<\/p>\n","protected":false},"featured_media":23358,"template":"","meta":{"_acf_changed":false},"product_brand":[],"product_cat":[592],"product_tag":[],"class_list":{"0":"post-33199","1":"product","2":"type-product","3":"status-publish","4":"has-post-thumbnail","6":"product_cat-adhesifs","7":"description-off","9":"first","10":"outofstock","11":"shipping-taxable","12":"product-type-variable"},"acf":[],"aioseo_notices":[],"_links":{"self":[{"href":"https:\/\/polyart.ch\/fr\/wp-json\/wp\/v2\/product\/33199","targetHints":{"allow":["GET"]}}],"collection":[{"href":"https:\/\/polyart.ch\/fr\/wp-json\/wp\/v2\/product"}],"about":[{"href":"https:\/\/polyart.ch\/fr\/wp-json\/wp\/v2\/types\/product"}],"version-history":[{"count":2,"href":"https:\/\/polyart.ch\/fr\/wp-json\/wp\/v2\/product\/33199\/revisions"}],"predecessor-version":[{"id":33208,"href":"https:\/\/polyart.ch\/fr\/wp-json\/wp\/v2\/product\/33199\/revisions\/33208"}],"wp:featuredmedia":[{"embeddable":true,"href":"https:\/\/polyart.ch\/fr\/wp-json\/wp\/v2\/media\/23358"}],"wp:attachment":[{"href":"https:\/\/polyart.ch\/fr\/wp-json\/wp\/v2\/media?parent=33199"}],"wp:term":[{"taxonomy":"product_brand","embeddable":true,"href":"https:\/\/polyart.ch\/fr\/wp-json\/wp\/v2\/product_brand?post=33199"},{"taxonomy":"product_cat","embeddable":true,"href":"https:\/\/polyart.ch\/fr\/wp-json\/wp\/v2\/product_cat?post=33199"},{"taxonomy":"product_tag","embeddable":true,"href":"https:\/\/polyart.ch\/fr\/wp-json\/wp\/v2\/product_tag?post=33199"}],"curies":[{"name":"wp","href":"https:\/\/api.w.org\/{rel}","templated":true}]}}